{"id":12963,"date":"2017-03-01T11:15:04","date_gmt":"2017-03-01T10:15:04","guid":{"rendered":"http:\/\/52.57.120.185\/?page_id=12963\/"},"modified":"2017-03-01T11:17:28","modified_gmt":"2017-03-01T10:17:28","slug":"home","status":"publish","type":"page","link":"https:\/\/stage.wscad.com\/pl\/","title":{"rendered":"Home"},"content":{"rendered":"[vc_row type=&#8221;in_container&#8221; full_screen_row_position=&#8221;middle&#8221; scene_position=&#8221;center&#8221; text_color=&#8221;dark&#8221; text_align=&#8221;left&#8221; top_padding=&#8221;150&#8243; overlay_strength=&#8221;0.3&#8243;][vc_column column_padding=&#8221;no-extra-padding&#8221; column_padding_position=&#8221;all&#8221; background_color_opacity=&#8221;1&#8243; background_hover_color_opacity=&#8221;1&#8243; width=&#8221;1\/2&#8243; tablet_text_alignment=&#8221;default&#8221; phone_text_alignment=&#8221;default&#8221;][image_with_animation image_url=&#8221;8913&#8243; alignment=&#8221;&#8221; animation=&#8221;Fade In From Left&#8221; box_shadow=&#8221;none&#8221; max_width=&#8221;100%&#8221; delay=&#8221;100&#8243;][\/vc_column][vc_column column_padding=&#8221;no-extra-padding&#8221; column_padding_position=&#8221;all&#8221; background_color_opacity=&#8221;1&#8243; background_hover_color_opacity=&#8221;1&#8243; width=&#8221;1\/2&#8243; tablet_text_alignment=&#8221;default&#8221; phone_text_alignment=&#8221;default&#8221;][vc_column_text]\n<h2>WSCAD Software<\/h2>\n[\/vc_column_text][divider line_type=&#8221;Small Line&#8221; line_thickness=&#8221;1&#8243; divider_color=&#8221;default&#8221; custom_height=&#8221;35&#8243;][vc_column_text]Bardzo przepraszamy za zaistnia\u0142e problemy z nasz\u0105 witryn\u0105 internetow\u0105.<br \/>\nJeste\u015bmy w trakcie opracowania nowej ods\u0142ony internetowej. W ci\u0105gu najbli\u017cszych dni problem zostanie usuni\u0119ty i b\u0119d\u0105 Pa\u0144stwo mogli korzysta\u0107 z zalet nowej strony.<br \/>\nProsimy o wyrozumia\u0142o\u015b\u0107.[\/vc_column_text][divider line_type=&#8221;No Line&#8221; custom_height=&#8221;35&#8243;][vc_column_text css=&#8221;.vc_custom_1488363067862{margin-top: 0px !important;margin-right: 0px !important;margin-bottom: 0px !important;margin-left: 0px !important;}&#8221;]\n<p style=\"text-align: left;\"><a class=\"nectar-button n-sc-button small see-through-2 has-icon\"  href=\"http:\/\/www.wscad.pl\/download\/demo\/WSCAD_SUITE_2017_Demo.exe\" data-color-override=\"#000000\"  data-hover-color-override=\"#000000\" data-hover-text-color-override=\"#fff\"><span>TERAZ WERSJA DEMO BADANIA<\/span><i class=\"fa fa-download\"><\/i><\/a>\n[\/vc_column_text][divider line_type=&#8221;No Line&#8221; custom_height=&#8221;35&#8243;][vc_column_text]<strong>Kontakt z nami:<\/strong><\/p>\n<p>hotline:\u00a0 042 611 03 04<br \/>\ndzia\u0142 sprzeda\u017cy:\u00a0 042 611 03 05 wew. 12<br \/>\ndzia\u0142 szkole\u0144:\u00a0 042 611 03 05 wew. 17<br \/>\nemail: info@wscad.pl[\/vc_column_text][\/vc_column][\/vc_row]\n","protected":false},"excerpt":{"rendered":"<p>[vc_row type=&#8221;in_container&#8221; full_screen_row_position=&#8221;middle&#8221; scene_position=&#8221;center&#8221; text_color=&#8221;dark&#8221; text_align=&#8221;left&#8221; top_padding=&#8221;150&#8243; overlay_strength=&#8221;0.3&#8243;][vc_column column_padding=&#8221;no-extra-padding&#8221; column_padding_position=&#8221;all&#8221; background_color_opacity=&#8221;1&#8243; background_hover_color_opacity=&#8221;1&#8243; width=&#8221;1\/2&#8243; tablet_text_alignment=&#8221;default&#8221; phone_text_alignment=&#8221;default&#8221;][image_with_animation image_url=&#8221;8913&#8243; alignment=&#8221;&#8221; animation=&#8221;Fade In From Left&#8221; box_shadow=&#8221;none&#8221; max_width=&#8221;100%&#8221; delay=&#8221;100&#8243;][\/vc_column][vc_column column_padding=&#8221;no-extra-padding&#8221; column_padding_position=&#8221;all&#8221; background_color_opacity=&#8221;1&#8243; background_hover_color_opacity=&#8221;1&#8243; width=&#8221;1\/2&#8243; tablet_text_alignment=&#8221;default&#8221; phone_text_alignment=&#8221;default&#8221;][vc_column_text] WSCAD Software [\/vc_column_text][divider line_type=&#8221;Small Line&#8221; line_thickness=&#8221;1&#8243; divider_color=&#8221;default&#8221; custom_height=&#8221;35&#8243;][vc_column_text]Bardzo przepraszamy&#8230;<\/p>\n","protected":false},"author":48,"featured_media":111619,"parent":0,"menu_order":0,"comment_status":"closed","ping_status":"closed","template":"","meta":{"content-type":"","inline_featured_image":false,"footnotes":""},"class_list":["post-12963","page","type-page","status-publish","has-post-thumbnail"],"publishpress_future_workflow_manual_trigger":{"enabledWorkflows":[]},"_links":{"self":[{"href":"https:\/\/stage.wscad.com\/pl\/wp-json\/wp\/v2\/pages\/12963","targetHints":{"allow":["GET"]}}],"collection":[{"href":"https:\/\/stage.wscad.com\/pl\/wp-json\/wp\/v2\/pages"}],"about":[{"href":"https:\/\/stage.wscad.com\/pl\/wp-json\/wp\/v2\/types\/page"}],"author":[{"embeddable":true,"href":"https:\/\/stage.wscad.com\/pl\/wp-json\/wp\/v2\/users\/48"}],"replies":[{"embeddable":true,"href":"https:\/\/stage.wscad.com\/pl\/wp-json\/wp\/v2\/comments?post=12963"}],"version-history":[{"count":0,"href":"https:\/\/stage.wscad.com\/pl\/wp-json\/wp\/v2\/pages\/12963\/revisions"}],"wp:featuredmedia":[{"embeddable":true,"href":"https:\/\/stage.wscad.com\/pl\/wp-json\/wp\/v2\/media\/111619"}],"wp:attachment":[{"href":"https:\/\/stage.wscad.com\/pl\/wp-json\/wp\/v2\/media?parent=12963"}],"curies":[{"name":"wp","href":"https:\/\/api.w.org\/{rel}","templated":true}]}}