{"id":12094,"date":"2017-01-18T11:05:08","date_gmt":"2017-01-18T10:05:08","guid":{"rendered":"http:\/\/52.57.120.185\/?page_id=12094\/"},"modified":"2022-11-25T14:51:13","modified_gmt":"2022-11-25T13:51:13","slug":"cabinet-engineering","status":"publish","type":"page","link":"https:\/\/stage.wscad.com\/hu\/cabinet-engineering\/","title":{"rendered":"Cabinet Engineering \u2013 Szekr\u00e9nytervez\u00e9s"},"content":{"rendered":"[vc_row type=&#8221;full_width_content&#8221; full_screen_row_position=&#8221;middle&#8221; column_margin=&#8221;default&#8221; column_direction=&#8221;default&#8221; column_direction_tablet=&#8221;default&#8221; column_direction_phone=&#8221;default&#8221; scene_position=&#8221;center&#8221; text_color=&#8221;dark&#8221; text_align=&#8221;left&#8221; row_border_radius=&#8221;none&#8221; row_border_radius_applies=&#8221;bg&#8221; overflow=&#8221;visible&#8221; class=&#8221;bildvergleich&#8221; advanced_gradient_angle=&#8221;0&#8243; overlay_strength=&#8221;0.3&#8243; gradient_direction=&#8221;left_to_right&#8221; shape_divider_position=&#8221;bottom&#8221; bg_image_animation=&#8221;none&#8221; gradient_type=&#8221;default&#8221; shape_type=&#8221;&#8221;][vc_column column_padding=&#8221;no-extra-padding&#8221; column_padding_tablet=&#8221;inherit&#8221; column_padding_phone=&#8221;inherit&#8221; column_padding_position=&#8221;all&#8221; column_element_direction_desktop=&#8221;default&#8221; column_element_spacing=&#8221;default&#8221; desktop_text_alignment=&#8221;default&#8221; tablet_text_alignment=&#8221;default&#8221; phone_text_alignment=&#8221;default&#8221; background_color_opacity=&#8221;1&#8243; background_hover_color_opacity=&#8221;1&#8243; column_backdrop_filter=&#8221;none&#8221; column_shadow=&#8221;none&#8221; column_border_radius=&#8221;none&#8221; column_link_target=&#8221;_self&#8221; column_position=&#8221;default&#8221; gradient_direction=&#8221;left_to_right&#8221; overlay_strength=&#8221;0.3&#8243; width=&#8221;1\/1&#8243; tablet_width_inherit=&#8221;default&#8221; animation_type=&#8221;default&#8221; bg_image_animation=&#8221;none&#8221; border_type=&#8221;simple&#8221; column_border_width=&#8221;none&#8221; column_border_style=&#8221;solid&#8221;][nectar_image_comparison image_url=&#8221;6642&#8243; image_2_url=&#8221;6641&#8243;][\/vc_column][\/vc_row][vc_row type=&#8221;in_container&#8221; full_screen_row_position=&#8221;middle&#8221; column_margin=&#8221;default&#8221; column_direction=&#8221;default&#8221; column_direction_tablet=&#8221;default&#8221; column_direction_phone=&#8221;default&#8221; scene_position=&#8221;center&#8221; bottom_margin=&#8221;0&#8243; text_color=&#8221;dark&#8221; text_align=&#8221;left&#8221; row_border_radius=&#8221;none&#8221; row_border_radius_applies=&#8221;bg&#8221; overflow=&#8221;visible&#8221; disable_element=&#8221;yes&#8221; advanced_gradient_angle=&#8221;0&#8243; overlay_strength=&#8221;0.3&#8243; gradient_direction=&#8221;left_to_right&#8221; shape_divider_position=&#8221;bottom&#8221; bg_image_animation=&#8221;none&#8221; gradient_type=&#8221;default&#8221; shape_type=&#8221;&#8221;][vc_column column_padding=&#8221;no-extra-padding&#8221; column_padding_tablet=&#8221;inherit&#8221; column_padding_phone=&#8221;inherit&#8221; column_padding_position=&#8221;all&#8221; column_element_direction_desktop=&#8221;default&#8221; column_element_spacing=&#8221;default&#8221; desktop_text_alignment=&#8221;default&#8221; tablet_text_alignment=&#8221;default&#8221; phone_text_alignment=&#8221;default&#8221; background_color_opacity=&#8221;1&#8243; background_hover_color_opacity=&#8221;1&#8243; column_backdrop_filter=&#8221;none&#8221; column_shadow=&#8221;none&#8221; column_border_radius=&#8221;none&#8221; column_link_target=&#8221;_self&#8221; column_position=&#8221;default&#8221; advanced_gradient_angle=&#8221;0&#8243; gradient_direction=&#8221;left_to_right&#8221; overlay_strength=&#8221;0.3&#8243; width=&#8221;1\/1&#8243; tablet_width_inherit=&#8221;default&#8221; animation_type=&#8221;default&#8221; bg_image_animation=&#8221;none&#8221; border_type=&#8221;simple&#8221; column_border_width=&#8221;none&#8221; column_border_style=&#8221;solid&#8221; gradient_type=&#8221;default&#8221;][nectar_global_section id=&#8221;125536&#8243;][\/vc_column][\/vc_row][vc_row type=&#8221;in_container&#8221; full_screen_row_position=&#8221;middle&#8221; column_margin=&#8221;default&#8221; column_direction=&#8221;default&#8221; column_direction_tablet=&#8221;default&#8221; column_direction_phone=&#8221;default&#8221; scene_position=&#8221;center&#8221; top_padding=&#8221;2%&#8221; bottom_padding=&#8221;3%&#8221; bottom_margin=&#8221;0&#8243; text_color=&#8221;dark&#8221; text_align=&#8221;left&#8221; row_border_radius=&#8221;none&#8221; row_border_radius_applies=&#8221;bg&#8221; overflow=&#8221;visible&#8221; advanced_gradient_angle=&#8221;0&#8243; overlay_strength=&#8221;0.3&#8243; gradient_direction=&#8221;left_to_right&#8221; shape_divider_position=&#8221;bottom&#8221; bg_image_animation=&#8221;none&#8221; gradient_type=&#8221;default&#8221; shape_type=&#8221;&#8221;][vc_column column_padding=&#8221;no-extra-padding&#8221; column_padding_tablet=&#8221;inherit&#8221; column_padding_phone=&#8221;inherit&#8221; column_padding_position=&#8221;all&#8221; column_element_direction_desktop=&#8221;default&#8221; column_element_spacing=&#8221;default&#8221; desktop_text_alignment=&#8221;default&#8221; tablet_text_alignment=&#8221;default&#8221; phone_text_alignment=&#8221;default&#8221; background_color_opacity=&#8221;1&#8243; background_hover_color_opacity=&#8221;1&#8243; column_backdrop_filter=&#8221;none&#8221; column_shadow=&#8221;none&#8221; column_border_radius=&#8221;none&#8221; column_link_target=&#8221;_self&#8221; column_position=&#8221;default&#8221; advanced_gradient_angle=&#8221;0&#8243; gradient_direction=&#8221;left_to_right&#8221; overlay_strength=&#8221;0.3&#8243; width=&#8221;1\/2&#8243; tablet_width_inherit=&#8221;default&#8221; animation_type=&#8221;default&#8221; bg_image_animation=&#8221;none&#8221; border_type=&#8221;simple&#8221; column_border_width=&#8221;none&#8221; column_border_style=&#8221;solid&#8221; gradient_type=&#8221;default&#8221;][vc_row_inner equal_height=&#8221;yes&#8221; content_placement=&#8221;middle&#8221; column_margin=&#8221;default&#8221; column_direction=&#8221;default&#8221; column_direction_tablet=&#8221;default&#8221; column_direction_phone=&#8221;default&#8221; text_align=&#8221;left&#8221; row_position=&#8221;default&#8221; row_position_tablet=&#8221;inherit&#8221; row_position_phone=&#8221;inherit&#8221; class=&#8221;disziplin_icon&#8221; overflow=&#8221;visible&#8221; pointer_events=&#8221;all&#8221;][vc_column_inner column_padding=&#8221;no-extra-padding&#8221; column_padding_tablet=&#8221;inherit&#8221; column_padding_phone=&#8221;inherit&#8221; column_padding_position=&#8221;all&#8221; column_element_direction_desktop=&#8221;default&#8221; column_element_spacing=&#8221;default&#8221; desktop_text_alignment=&#8221;default&#8221; tablet_text_alignment=&#8221;default&#8221; phone_text_alignment=&#8221;default&#8221; background_color_opacity=&#8221;1&#8243; background_hover_color_opacity=&#8221;1&#8243; column_backdrop_filter=&#8221;none&#8221; column_shadow=&#8221;none&#8221; column_border_radius=&#8221;none&#8221; column_link_target=&#8221;_self&#8221; overflow=&#8221;visible&#8221; gradient_direction=&#8221;left_to_right&#8221; overlay_strength=&#8221;0.3&#8243; width=&#8221;1\/6&#8243; tablet_width_inherit=&#8221;default&#8221; animation_type=&#8221;default&#8221; bg_image_animation=&#8221;none&#8221; border_type=&#8221;simple&#8221; column_border_width=&#8221;none&#8221; column_border_style=&#8221;solid&#8221;][image_with_animation image_url=&#8221;111242&#8243; image_size=&#8221;full&#8221; animation_type=&#8221;entrance&#8221; animation=&#8221;Grow In&#8221; animation_easing=&#8221;default&#8221; animation_movement_type=&#8221;transform_y&#8221; hover_animation=&#8221;none&#8221; alignment=&#8221;&#8221; border_radius=&#8221;none&#8221; box_shadow=&#8221;none&#8221; image_loading=&#8221;default&#8221; max_width=&#8221;100%&#8221; max_width_mobile=&#8221;default&#8221; delay=&#8221;50&#8243;][\/vc_column_inner][vc_column_inner column_padding=&#8221;no-extra-padding&#8221; column_padding_tablet=&#8221;inherit&#8221; column_padding_phone=&#8221;inherit&#8221; column_padding_position=&#8221;all&#8221; column_element_direction_desktop=&#8221;default&#8221; column_element_spacing=&#8221;default&#8221; desktop_text_alignment=&#8221;default&#8221; tablet_text_alignment=&#8221;default&#8221; phone_text_alignment=&#8221;default&#8221; background_color_opacity=&#8221;1&#8243; background_hover_color_opacity=&#8221;1&#8243; column_backdrop_filter=&#8221;none&#8221; column_shadow=&#8221;none&#8221; column_border_radius=&#8221;none&#8221; column_link_target=&#8221;_self&#8221; overflow=&#8221;visible&#8221; gradient_direction=&#8221;left_to_right&#8221; overlay_strength=&#8221;0.3&#8243; width=&#8221;5\/6&#8243; tablet_width_inherit=&#8221;default&#8221; animation_type=&#8221;default&#8221; bg_image_animation=&#8221;none&#8221; border_type=&#8221;simple&#8221; column_border_width=&#8221;none&#8221; column_border_style=&#8221;solid&#8221;][vc_column_text]\n<h2>Cabinet Engineering<\/h2>\n<h3>Szekr\u00e9nytervez\u00e9s<\/h3>\n[\/vc_column_text][\/vc_column_inner][\/vc_row_inner][vc_column_text css=&#8221;.vc_custom_1669384149373{margin-bottom: 30px !important;}&#8221;]A Cabinet Engineering technol\u00f3gia r\u00e9sz\u00e9r\u0151l sok t\u00e1mogat\u00e1st kapunk a kapcsol\u00f3szekr\u00e9nyek tervez\u00e9sekor: p\u00e9ld\u00e1ul az alkatr\u00e9szek pontos \u00e9s optim\u00e1lis elhelyez\u00e9s\u00e9vel vagy az objektumok \u00fctk\u00f6z\u00e9svizsg\u00e1lat\u00e1val, a vezet\u00e9khosszak \u00e9s a huzaloz\u00e1s sz\u00e1m\u00edt\u00e1s\u00e1val m\u00e1r a tervez\u00e9s alatt. A k\u00e1belcsatorn\u00e1k tel\u00edtetts\u00e9gi foka is felismerhet\u0151 b\u00e1rmikor. A m\u00e9ter\u00e1ruk, mint p\u00e9ld\u00e1ul a tart\u00f3s\u00ednek furatadatai egyszer\u0171en konfigur\u00e1lhat\u00f3k egy dial\u00f3gusban. A 3D n\u00e9zet a kapcsol\u00f3szekr\u00e9ny jobb t\u00e9rbeli megjelen\u00edt\u00e9s\u00e9t szolg\u00e1lja. Az \u00f6sszes, a WSCAD szoftverrel l\u00e9trehozott adat rendelkez\u00e9sre \u00e1ll a huzalok \u00e9s k\u00e1belk\u00f6tegek, c\u00edmk\u00e9k, szerel\u0151lapok \u00e9s szekr\u00e9nyajt\u00f3k NC-gy\u00e1rt\u00e1si k\u00f6zpontokban t\u00f6rt\u00e9n\u0151 el\u0151\u00e1ll\u00edt\u00e1s\u00e1hoz.<\/p>\n<p>Hasznos funkci\u00f3 a szekr\u00e9nyterv l\u00e9trehoz\u00e1sa el\u0151z\u0151leg elk\u00e9sz\u00edtett \u00e1ram\u00fatterv n\u00e9lk\u00fcl idegen E-CAD adatokb\u00f3l: Egy var\u00e1zsl\u00f3 beolvassa a sorkapocsterveket, anyag- \u00e9s \u00f6sszek\u00f6t\u00e9si list\u00e1kat \u00e9s \u00f6sszehasonl\u00edtja \u0151ket a WSCAD adatb\u00e1zissal. \u00daj szabads\u00e1gi fok a szekr\u00e9ny\u00e9p\u00edt\u0151k sz\u00e1m\u00e1ra, akik m\u00e1r E-CAD rendszerekb\u0151l sz\u00e1rmaz\u00f3 adatok alapj\u00e1n k\u00edv\u00e1nj\u00e1k megval\u00f3s\u00edtani a szekr\u00e9nytervet a WSCAD-ben.[\/vc_column_text][vc_column_text]<a class=\"nectar-button n-sc-button small see-through-2 has-icon\" target=\"_blank\" href=\"http:\/\/wscad.com\/hu\/kapcsoloszekreny\" data-color-override=\"#000000\"  data-hover-color-override=\"#000000\" data-hover-text-color-override=\"#fff\"><span>Professzion\u00e1lis kapcsol\u00f3szekr\u00e9ny-\u00e9p\u00edt\u00e9s<\/span><i class=\"fa fa-play\"><\/i><\/a>[\/vc_column_text][nectar_btn size=&#8221;large&#8221; button_style=&#8221;regular&#8221; button_color_2=&#8221;Extra-Color-1&#8243; solid_text_color_override=&#8221;#000000&#8243; icon_family=&#8221;fontawesome&#8221; text=&#8221;DEM\u00d3 VERZI\u00d3 LET\u00d6LT\u00c9SE&#8221; margin_top=&#8221;30&#8243; margin_bottom=&#8221;20&#8243; url=&#8221;\/hu\/demo&#8221; icon_fontawesome=&#8221;fa fa-play&#8221;][\/vc_column][vc_column column_padding=&#8221;no-extra-padding&#8221; column_padding_tablet=&#8221;inherit&#8221; column_padding_phone=&#8221;inherit&#8221; column_padding_position=&#8221;all&#8221; column_element_direction_desktop=&#8221;default&#8221; column_element_spacing=&#8221;default&#8221; desktop_text_alignment=&#8221;default&#8221; tablet_text_alignment=&#8221;default&#8221; phone_text_alignment=&#8221;default&#8221; background_color_opacity=&#8221;1&#8243; background_hover_color_opacity=&#8221;1&#8243; column_backdrop_filter=&#8221;none&#8221; column_shadow=&#8221;none&#8221; column_border_radius=&#8221;none&#8221; column_link_target=&#8221;_self&#8221; column_position=&#8221;default&#8221; advanced_gradient_angle=&#8221;0&#8243; gradient_direction=&#8221;left_to_right&#8221; overlay_strength=&#8221;0.3&#8243; width=&#8221;1\/2&#8243; tablet_width_inherit=&#8221;default&#8221; animation_type=&#8221;default&#8221; bg_image_animation=&#8221;none&#8221; border_type=&#8221;simple&#8221; column_border_width=&#8221;none&#8221; column_border_style=&#8221;solid&#8221; gradient_type=&#8221;default&#8221;][image_with_animation image_url=&#8221;126196&#8243; image_size=&#8221;full&#8221; animation_type=&#8221;entrance&#8221; animation=&#8221;None&#8221; animation_movement_type=&#8221;transform_y&#8221; hover_animation=&#8221;none&#8221; alignment=&#8221;center&#8221; img_link_large=&#8221;yes&#8221; img_link_caption=&#8221;yes&#8221; border_radius=&#8221;none&#8221; box_shadow=&#8221;none&#8221; image_loading=&#8221;default&#8221; max_width=&#8221;100%&#8221; max_width_mobile=&#8221;default&#8221;][vc_column_text]\n<div class=\"lyte-wrapper\" title=\"Efficient Cabinet Manufacturing with WSCAD\" style=\"width:1280px;max-width:100%;margin:5px;\"><div class=\"lyMe hidef\" id=\"WYL_L6Ww5hou2Xg\" itemprop=\"video\" itemscope itemtype=\"https:\/\/schema.org\/VideoObject\"><div><meta itemprop=\"thumbnailUrl\" content=\"https:\/\/stage.wscad.com\/wp-content\/plugins\/wp-youtube-lyte\/lyteCache.php?origThumbUrl=https%3A%2F%2Fi.ytimg.com%2Fvi%2FL6Ww5hou2Xg%2Fmaxresdefault.jpg\" \/><meta itemprop=\"embedURL\" content=\"https:\/\/www.youtube.com\/embed\/L6Ww5hou2Xg\" \/><meta itemprop=\"duration\" content=\"PT1M35S\" \/><meta itemprop=\"uploadDate\" content=\"2019-07-24T09:37:56Z\" \/><\/div><meta itemprop=\"accessibilityFeature\" content=\"captions\" \/><div id=\"lyte_L6Ww5hou2Xg\" data-src=\"https:\/\/stage.wscad.com\/wp-content\/plugins\/wp-youtube-lyte\/lyteCache.php?origThumbUrl=https%3A%2F%2Fi.ytimg.com%2Fvi%2FL6Ww5hou2Xg%2Fmaxresdefault.jpg\" class=\"pL\"><div class=\"tC\"><div class=\"tT\" itemprop=\"name\">Efficient Cabinet Manufacturing with WSCAD<\/div><\/div><div class=\"play\"><\/div><div class=\"ctrl\"><div class=\"Lctrl\"><\/div><div class=\"Rctrl\"><\/div><\/div><\/div><noscript><a href=\"https:\/\/youtu.be\/L6Ww5hou2Xg\" rel=\"nofollow\"><img decoding=\"async\" src=\"https:\/\/stage.wscad.com\/wp-content\/plugins\/wp-youtube-lyte\/lyteCache.php?origThumbUrl=https%3A%2F%2Fi.ytimg.com%2Fvi%2FL6Ww5hou2Xg%2F0.jpg\" alt=\"Efficient Cabinet Manufacturing with WSCAD\" width=\"1280\" height=\"700\" \/><\/a><\/noscript><meta itemprop=\"description\" content=\"The path from electrical design to cabinet manufacturing can be automated and radically shortened. Thus, errors will be completely avoided and massive amounts of time can be saved, just by using the integrated tools and manufacturing interfaces offered by WSCAD! Get further information here: https:\/\/www.wscad.com\/en\/manufacturing-integration\/ _______________ Learn more about WSCAD: https:\/\/www.wscad.com\/ ________________ Follow us: Linkedin: https:\/\/www.linkedin.com\/company\/wscad-electronic-gmbh Twitter: https:\/\/twitter.com\/WSCAD Instagram: https:\/\/www.instagram.com\/wscad_gmbh\/ #ElectricalEngineering #Manufacturing #ControlPanel #DigitalTwin #Digitization #Schaltschrank #Automation #Wiring #Industry40 #Drahtrouting #CabinetEngineering #ElectricalDesign\"><\/div><\/div><div class=\"lL\" style=\"max-width:100%;width:1280px;margin:5px;\"> <a href=\"https:\/\/youtu.be\/L6Ww5hou2Xg\" target=\"_blank\" rel=\"noopener\">Watch this video on YouTube<\/a>.<\/div><br \/>\n[\/vc_column_text][\/vc_column][\/vc_row][vc_row type=&#8221;in_container&#8221; full_screen_row_position=&#8221;middle&#8221; column_margin=&#8221;default&#8221; column_direction=&#8221;default&#8221; column_direction_tablet=&#8221;default&#8221; column_direction_phone=&#8221;default&#8221; scene_position=&#8221;center&#8221; top_padding=&#8221;3%&#8221; bottom_padding=&#8221;3%&#8221; bottom_margin=&#8221;0&#8243; text_color=&#8221;dark&#8221; text_align=&#8221;left&#8221; row_border_radius=&#8221;none&#8221; row_border_radius_applies=&#8221;bg&#8221; overflow=&#8221;visible&#8221; overlay_strength=&#8221;0.3&#8243; gradient_direction=&#8221;left_to_right&#8221; shape_divider_position=&#8221;bottom&#8221; bg_image_animation=&#8221;none&#8221; gradient_type=&#8221;default&#8221; shape_type=&#8221;&#8221;][vc_column column_padding=&#8221;no-extra-padding&#8221; column_padding_tablet=&#8221;inherit&#8221; column_padding_phone=&#8221;inherit&#8221; column_padding_position=&#8221;all&#8221; column_element_direction_desktop=&#8221;default&#8221; column_element_spacing=&#8221;default&#8221; desktop_text_alignment=&#8221;default&#8221; tablet_text_alignment=&#8221;default&#8221; phone_text_alignment=&#8221;default&#8221; background_color_opacity=&#8221;1&#8243; background_hover_color_opacity=&#8221;1&#8243; column_backdrop_filter=&#8221;none&#8221; column_shadow=&#8221;none&#8221; column_border_radius=&#8221;none&#8221; column_link_target=&#8221;_self&#8221; column_position=&#8221;default&#8221; gradient_direction=&#8221;left_to_right&#8221; overlay_strength=&#8221;0.3&#8243; width=&#8221;1\/2&#8243; tablet_width_inherit=&#8221;default&#8221; animation_type=&#8221;default&#8221; bg_image_animation=&#8221;none&#8221; border_type=&#8221;simple&#8221; column_border_width=&#8221;none&#8221; column_border_style=&#8221;solid&#8221; column_padding_type=&#8221;default&#8221; gradient_type=&#8221;default&#8221;][vc_column_text]\n<h2>S\u00falypontok<\/h2>\n[\/vc_column_text][divider line_type=&#8221;Small Line&#8221; line_alignment=&#8221;default&#8221; line_thickness=&#8221;1&#8243; divider_color=&#8221;default&#8221; custom_height=&#8221;35&#8243;]<div class=\"nectar-fancy-ul\" data-list-icon=\"fa fa-stop\" data-animation=\"true\" data-animation-delay=\"0\" data-color=\"extra-color-1\" data-spacing=\"default\" data-alignment=\"left\"> \n<ul>\n<li>Ig\u00e9ny szerint ind\u00edthat\u00f3 a tervez\u00e9s: kezdheti a<br \/>\nkapcsol\u00f3szekr\u00e9nnyel vagy az \u00e1ram\u00fattervvel<\/li>\n<li>Huzaloz\u00e1s \u00e9s vezet\u00e9khosszak sz\u00e1m\u00edt\u00e1sa a kapcsol\u00f3szekr\u00e9nyben<br \/>\naz optim\u00e1lis vezet\u00e9si utak 3D-ben t\u00f6rt\u00e9n\u0151 figyelembev\u00e9tel\u00e9vel<\/li>\n<li>K\u00fcl\u00f6nb\u00f6z\u0151 fesz\u00fclts\u00e9gszintek figyelembev\u00e9tele<br \/>\naz automatikus szekr\u00e9nyhuzaloz\u00e1sn\u00e1l<\/li>\n<li>Standardiz\u00e1lt kapcsol\u00f3szekr\u00e9ny layoutok (szekr\u00e9nytervi makr\u00f3k)<br \/>\na gyors tervez\u00e9shez<\/li>\n<li>Elhelyez\u00e9si seg\u00edts\u00e9gek, \u00fctk\u00f6z\u00e9svizsg\u00e1lat \u00e9s<br \/>\ntel\u00edtetts\u00e9gi szint jelz\u00e9se m\u00e1r a tervez\u00e9s alatt<\/li>\n<\/ul>\n <\/div>[\/vc_column][vc_column column_padding=&#8221;no-extra-padding&#8221; column_padding_tablet=&#8221;inherit&#8221; column_padding_phone=&#8221;inherit&#8221; column_padding_position=&#8221;all&#8221; column_element_direction_desktop=&#8221;default&#8221; column_element_spacing=&#8221;default&#8221; desktop_text_alignment=&#8221;default&#8221; tablet_text_alignment=&#8221;default&#8221; phone_text_alignment=&#8221;default&#8221; background_color_opacity=&#8221;1&#8243; background_hover_color_opacity=&#8221;1&#8243; column_backdrop_filter=&#8221;none&#8221; column_shadow=&#8221;none&#8221; column_border_radius=&#8221;none&#8221; column_link_target=&#8221;_self&#8221; column_position=&#8221;default&#8221; gradient_direction=&#8221;left_to_right&#8221; overlay_strength=&#8221;0.3&#8243; width=&#8221;1\/2&#8243; tablet_width_inherit=&#8221;default&#8221; animation_type=&#8221;default&#8221; bg_image_animation=&#8221;none&#8221; border_type=&#8221;simple&#8221; column_border_width=&#8221;none&#8221; column_border_style=&#8221;solid&#8221; column_padding_type=&#8221;default&#8221; gradient_type=&#8221;default&#8221;][vc_column_text]\n<h2>M\u0171szaki jellemz\u0151k<\/h2>\n[\/vc_column_text][divider line_type=&#8221;Small Line&#8221; line_alignment=&#8221;default&#8221; line_thickness=&#8221;1&#8243; divider_color=&#8221;default&#8221; custom_height=&#8221;35&#8243;]<div class=\"nectar-fancy-ul\" data-list-icon=\"fa fa-stop\" data-animation=\"true\" data-animation-delay=\"0\" data-color=\"extra-color-1\" data-spacing=\"default\" data-alignment=\"left\"> \n<ul>\n<li>Az \u00f6sszes adat export\u00e1lhat\u00f3 az automatiz\u00e1lt gy\u00e1rt\u00e1shoz (huzaloz\u00e1si list\u00e1k, f\u00far\u00e1si-\/CNC-adatok, darablist\u00e1k)<\/li>\n<li>M\u00e9retar\u00e1nyos tervez\u00e9s<\/li>\n<li>Alkatr\u00e9szek tizedmillim\u00e9ter-pontos elhelyez\u00e9se, jobbra- \u00e9s balra igaz\u00edtva<\/li>\n<li>K\u00e1belcsatorn\u00e1k tel\u00edtetts\u00e9gi fok\u00e1nak kisz\u00e1m\u00edt\u00e1sa \u00e9s jelz\u00e9se<\/li>\n<li>Objektumok \u00fctk\u00f6z\u00e9svizsg\u00e1lata<\/li>\n<li>Vezet\u00e9kek automatikus routol\u00e1sa, vezet\u00e9khosszak sz\u00e1m\u00edt\u00e1sa<\/li>\n<li>3D-n\u00e9zet a jobb t\u00e9rbeli megjelen\u00edt\u00e9shez<\/li>\n<li>Szekr\u00e9ny\u00e9p\u00edt\u00e9s idegen E-CAD adatok alapj\u00e1n<\/li>\n<\/ul>\n <\/div>[\/vc_column][\/vc_row][vc_row type=&#8221;in_container&#8221; full_screen_row_position=&#8221;middle&#8221; column_margin=&#8221;default&#8221; column_direction=&#8221;default&#8221; column_direction_tablet=&#8221;default&#8221; column_direction_phone=&#8221;default&#8221; scene_position=&#8221;center&#8221; text_color=&#8221;dark&#8221; text_align=&#8221;left&#8221; row_border_radius=&#8221;none&#8221; row_border_radius_applies=&#8221;bg&#8221; overflow=&#8221;visible&#8221; id=&#8221;CE&#8221; overlay_strength=&#8221;0.3&#8243; gradient_direction=&#8221;left_to_right&#8221; shape_divider_position=&#8221;bottom&#8221; bg_image_animation=&#8221;none&#8221; shape_type=&#8221;&#8221;][vc_column column_padding=&#8221;no-extra-padding&#8221; column_padding_tablet=&#8221;inherit&#8221; column_padding_phone=&#8221;inherit&#8221; column_padding_position=&#8221;all&#8221; column_element_direction_desktop=&#8221;default&#8221; column_element_spacing=&#8221;default&#8221; desktop_text_alignment=&#8221;default&#8221; tablet_text_alignment=&#8221;default&#8221; phone_text_alignment=&#8221;default&#8221; background_color_opacity=&#8221;1&#8243; background_hover_color_opacity=&#8221;1&#8243; column_backdrop_filter=&#8221;none&#8221; column_shadow=&#8221;none&#8221; column_border_radius=&#8221;none&#8221; column_link_target=&#8221;_self&#8221; column_position=&#8221;default&#8221; gradient_direction=&#8221;left_to_right&#8221; overlay_strength=&#8221;0.3&#8243; width=&#8221;1\/1&#8243; tablet_width_inherit=&#8221;default&#8221; animation_type=&#8221;default&#8221; bg_image_animation=&#8221;none&#8221; border_type=&#8221;simple&#8221; column_border_width=&#8221;none&#8221; column_border_style=&#8221;solid&#8221;][nectar_global_section id=&#8221;114564&#8243;][\/vc_column][\/vc_row]\n","protected":false},"excerpt":{"rendered":"<p>[vc_row type=&#8221;full_width_content&#8221; full_screen_row_position=&#8221;middle&#8221; column_margin=&#8221;default&#8221; column_direction=&#8221;default&#8221; column_direction_tablet=&#8221;default&#8221; column_direction_phone=&#8221;default&#8221; scene_position=&#8221;center&#8221; text_color=&#8221;dark&#8221; text_align=&#8221;left&#8221; row_border_radius=&#8221;none&#8221; row_border_radius_applies=&#8221;bg&#8221; overflow=&#8221;visible&#8221; class=&#8221;bildvergleich&#8221; advanced_gradient_angle=&#8221;0&#8243; overlay_strength=&#8221;0.3&#8243; gradient_direction=&#8221;left_to_right&#8221; shape_divider_position=&#8221;bottom&#8221; bg_image_animation=&#8221;none&#8221; gradient_type=&#8221;default&#8221; shape_type=&#8221;&#8221;][vc_column column_padding=&#8221;no-extra-padding&#8221; column_padding_tablet=&#8221;inherit&#8221; column_padding_phone=&#8221;inherit&#8221; column_padding_position=&#8221;all&#8221; column_element_direction_desktop=&#8221;default&#8221; column_element_spacing=&#8221;default&#8221; desktop_text_alignment=&#8221;default&#8221; tablet_text_alignment=&#8221;default&#8221; phone_text_alignment=&#8221;default&#8221; background_color_opacity=&#8221;1&#8243; background_hover_color_opacity=&#8221;1&#8243; column_backdrop_filter=&#8221;none&#8221; column_shadow=&#8221;none&#8221; column_border_radius=&#8221;none&#8221; column_link_target=&#8221;_self&#8221; column_position=&#8221;default&#8221; gradient_direction=&#8221;left_to_right&#8221; overlay_strength=&#8221;0.3&#8243; width=&#8221;1\/1&#8243;&#8230;<\/p>\n","protected":false},"author":48,"featured_media":0,"parent":0,"menu_order":0,"comment_status":"closed","ping_status":"closed","template":"","meta":{"content-type":"","inline_featured_image":false,"footnotes":""},"class_list":["post-12094","page","type-page","status-publish"],"publishpress_future_workflow_manual_trigger":{"enabledWorkflows":[]},"_links":{"self":[{"href":"https:\/\/stage.wscad.com\/hu\/wp-json\/wp\/v2\/pages\/12094","targetHints":{"allow":["GET"]}}],"collection":[{"href":"https:\/\/stage.wscad.com\/hu\/wp-json\/wp\/v2\/pages"}],"about":[{"href":"https:\/\/stage.wscad.com\/hu\/wp-json\/wp\/v2\/types\/page"}],"author":[{"embeddable":true,"href":"https:\/\/stage.wscad.com\/hu\/wp-json\/wp\/v2\/users\/48"}],"replies":[{"embeddable":true,"href":"https:\/\/stage.wscad.com\/hu\/wp-json\/wp\/v2\/comments?post=12094"}],"version-history":[{"count":0,"href":"https:\/\/stage.wscad.com\/hu\/wp-json\/wp\/v2\/pages\/12094\/revisions"}],"wp:attachment":[{"href":"https:\/\/stage.wscad.com\/hu\/wp-json\/wp\/v2\/media?parent=12094"}],"curies":[{"name":"wp","href":"https:\/\/api.w.org\/{rel}","templated":true}]}}